{"id":4048,"date":"2025-03-07T09:42:55","date_gmt":"2025-03-07T08:42:55","guid":{"rendered":"https:\/\/westmans.se\/contact-us\/"},"modified":"2026-03-06T15:33:54","modified_gmt":"2026-03-06T14:33:54","slug":"contact-us","status":"publish","type":"page","link":"https:\/\/westmans.se\/en\/contact-us\/","title":{"rendered":"Contact us"},"content":{"rendered":"\t\t<div data-elementor-type=\"wp-page\" data-elementor-id=\"4048\" class=\"elementor elementor-4048 elementor-2224\" data-elementor-post-type=\"page\">\n\t\t\t\t<div class=\"elementor-element elementor-element-581c0067 e-flex e-con-boxed e-con e-parent\" data-id=\"581c0067\" data-element_type=\"container\" data-e-type=\"container\" data-settings=\"{&quot;background_background&quot;:&quot;classic&quot;}\">\n\t\t\t\t\t<div class=\"e-con-inner\">\n\t\t\t\t<div class=\"elementor-element elementor-element-1cc29bb elementor-widget elementor-widget-woocommerce-breadcrumb\" data-id=\"1cc29bb\" data-element_type=\"widget\" data-e-type=\"widget\" data-widget_type=\"woocommerce-breadcrumb.default\">\n\t\t\t\t\t<nav class=\"woocommerce-breadcrumb\" aria-label=\"Breadcrumb\">Home<\/nav>\t\t\t\t<\/div>\n\t\t\t\t<div class=\"elementor-element elementor-element-1fa8f21 elementor-widget elementor-widget-heading\" data-id=\"1fa8f21\" data-element_type=\"widget\" data-e-type=\"widget\" data-widget_type=\"heading.default\">\n\t\t\t\t\t<h1 class=\"elementor-heading-title elementor-size-default\">Contact us<\/h1>\t\t\t\t<\/div>\n\t\t\t\t<div class=\"elementor-element elementor-element-4ee6927 elementor-widget elementor-widget-heading\" data-id=\"4ee6927\" data-element_type=\"widget\" data-e-type=\"widget\" data-widget_type=\"heading.default\">\n\t\t\t\t\t<h3 class=\"elementor-heading-title elementor-size-default\">You are welcome to contact us.<\/h3>\t\t\t\t<\/div>\n\t\t\t\t\t<\/div>\n\t\t\t\t<\/div>\n\t\t<div class=\"elementor-element elementor-element-36e7ee8 e-flex e-con-boxed e-con e-parent\" data-id=\"36e7ee8\" data-element_type=\"container\" data-e-type=\"container\">\n\t\t\t\t\t<div class=\"e-con-inner\">\n\t\t<div class=\"elementor-element elementor-element-1cc8da8 e-con-full e-flex e-con e-child\" data-id=\"1cc8da8\" data-element_type=\"container\" data-e-type=\"container\">\n\t\t\t\t<div class=\"elementor-element elementor-element-6fc21d5 elementor-widget elementor-widget-text-editor\" data-id=\"6fc21d5\" data-element_type=\"widget\" data-e-type=\"widget\" data-widget_type=\"text-editor.default\">\n\t\t\t\t\t\t\t\t\t<p>Westmans Rent<br>Hantverkarv\u00e4gen 8<br>187 66 T\u00e4by<br><a href=\"tel:086229840\">08-622 98 40<\/a><br><a href=\"mailto:info@westmans.se\">info@westmans.se<\/a><br><br><strong>Opening hours:<\/strong><br>Mon-Fri 08.00 \u2013 16.30 <i>(Lunch 12 \u2013 13)<br><\/i><\/p><p><strong>Emergency phone<\/strong><br>APPLIES TO STOCKHOLM<br>Emergency cases <strong>outside our opening hours<br><\/strong><em>(SMS does not work)<\/em><strong><br><\/strong>Call <a href=\"tel:0707460026\">070-746 00 26<\/a><\/p><p><i> <\/i><\/p>\t\t\t\t\t\t\t\t<\/div>\n\t\t\t\t<\/div>\n\t\t<div class=\"elementor-element elementor-element-d33783f e-con-full e-flex e-con e-child\" data-id=\"d33783f\" data-element_type=\"container\" data-e-type=\"container\">\n\t\t\t\t<div class=\"elementor-element elementor-element-8ccf548 elementor-widget elementor-widget-google_maps\" data-id=\"8ccf548\" data-element_type=\"widget\" data-e-type=\"widget\" data-widget_type=\"google_maps.default\">\n\t\t\t\t\t\t\t<div class=\"elementor-custom-embed\">\n\t\t\t<iframe loading=\"lazy\"\n\t\t\t\t\tsrc=\"https:\/\/maps.google.com\/maps?q=hantverkarv%C3%A4gen%208%2C%20t%C3%A4by&#038;t=m&#038;z=10&#038;output=embed&#038;iwloc=near\"\n\t\t\t\t\ttitle=\"hantverkarv\u00e4gen 8, t\u00e4by\"\n\t\t\t\t\taria-label=\"hantverkarv\u00e4gen 8, t\u00e4by\"\n\t\t\t><\/iframe>\n\t\t<\/div>\n\t\t\t\t\t\t<\/div>\n\t\t\t\t<\/div>\n\t\t\t\t\t<\/div>\n\t\t\t\t<\/div>\n\t\t<div class=\"elementor-element elementor-element-9df8656 e-flex e-con-boxed e-con e-parent\" data-id=\"9df8656\" data-element_type=\"container\" data-e-type=\"container\">\n\t\t\t\t\t<div class=\"e-con-inner\">\n\t\t<div class=\"elementor-element elementor-element-8cbf4cb e-con-full e-flex e-con e-child\" data-id=\"8cbf4cb\" data-element_type=\"container\" data-e-type=\"container\">\n\t\t\t\t<div class=\"elementor-element elementor-element-336a024 elementor-widget elementor-widget-text-editor\" data-id=\"336a024\" data-element_type=\"widget\" data-e-type=\"widget\" data-widget_type=\"text-editor.default\">\n\t\t\t\t\t\t\t\t\t<p><strong>Rent.Group Malm\u00f6<\/strong><br>Bjur\u00f6gatan 46<br>211 24 Malm\u00f6<br><a href=\"tel:040497400\">040 49 74 00<\/a><br><a href=\"mailto:malmo@rent.group\">malmo@rent.group<\/a><\/p><p><strong>Opening hours:<\/strong><br>Mon &#8211; Fri 08.00 &#8211; 16.00<br>(Lunch 12.00 &#8211; 13.00)<\/p>\t\t\t\t\t\t\t\t<\/div>\n\t\t\t\t<\/div>\n\t\t<div class=\"elementor-element elementor-element-4bf001e e-con-full e-flex e-con e-child\" data-id=\"4bf001e\" data-element_type=\"container\" data-e-type=\"container\">\n\t\t\t\t<div class=\"elementor-element elementor-element-113070d elementor-widget elementor-widget-google_maps\" data-id=\"113070d\" data-element_type=\"widget\" data-e-type=\"widget\" data-widget_type=\"google_maps.default\">\n\t\t\t\t\t\t\t<div class=\"elementor-custom-embed\">\n\t\t\t<iframe loading=\"lazy\"\n\t\t\t\t\tsrc=\"https:\/\/maps.google.com\/maps?q=bjur%C3%B6gatan%2046%2C%20malm%C3%B6&#038;t=m&#038;z=10&#038;output=embed&#038;iwloc=near\"\n\t\t\t\t\ttitle=\"bjur\u00f6gatan 46, malm\u00f6\"\n\t\t\t\t\taria-label=\"bjur\u00f6gatan 46, malm\u00f6\"\n\t\t\t><\/iframe>\n\t\t<\/div>\n\t\t\t\t\t\t<\/div>\n\t\t\t\t<\/div>\n\t\t\t\t\t<\/div>\n\t\t\t\t<\/div>\n\t\t<div class=\"elementor-element elementor-element-e154bc0 e-flex e-con-boxed e-con e-parent\" data-id=\"e154bc0\" data-element_type=\"container\" data-e-type=\"container\">\n\t\t\t\t\t<div class=\"e-con-inner\">\n\t\t\t\t<div class=\"elementor-element elementor-element-2de978c elementor-widget elementor-widget-heading\" data-id=\"2de978c\" data-element_type=\"widget\" data-e-type=\"widget\" data-widget_type=\"heading.default\">\n\t\t\t\t\t<h2 class=\"elementor-heading-title elementor-size-default\">Contact us<\/h2>\t\t\t\t<\/div>\n\t\t\t\t<div class=\"elementor-element elementor-element-1495729 elementor-widget elementor-widget-shortcode\" data-id=\"1495729\" data-element_type=\"widget\" data-e-type=\"widget\" data-widget_type=\"shortcode.default\">\n\t\t\t\t\t\t\t<div class=\"elementor-shortcode\">\n<div class=\"wpcf7 no-js\" id=\"wpcf7-f5850-o1\" lang=\"en-US\" dir=\"ltr\" data-wpcf7-id=\"5850\">\n<div class=\"screen-reader-response\"><p role=\"status\" aria-live=\"polite\" aria-atomic=\"true\"><\/p> <ul><\/ul><\/div>\n<form action=\"\/en\/wp-json\/wp\/v2\/pages\/4048#wpcf7-f5850-o1\" method=\"post\" class=\"wpcf7-form init\" aria-label=\"Contact form\" novalidate=\"novalidate\" data-status=\"init\">\n<fieldset class=\"hidden-fields-container\"><input type=\"hidden\" name=\"_wpcf7\" value=\"5850\" \/><input type=\"hidden\" name=\"_wpcf7_version\" value=\"6.1.5\" \/><input type=\"hidden\" name=\"_wpcf7_locale\" value=\"en_US\" \/><input type=\"hidden\" name=\"_wpcf7_unit_tag\" value=\"wpcf7-f5850-o1\" \/><input type=\"hidden\" name=\"_wpcf7_container_post\" value=\"0\" \/><input type=\"hidden\" name=\"_wpcf7_posted_data_hash\" value=\"\" \/><input type=\"hidden\" name=\"_wpcf7_recaptcha_response\" value=\"\" \/>\n<\/fieldset>\n<div class=\"cf7-grid\">\n\t<div class=\"cf7-col\">\n\t\t<p><label>Name<br \/>\n<span class=\"wpcf7-form-control-wrap\" data-name=\"your-name\"><input size=\"40\" maxlength=\"400\" class=\"wpcf7-form-control wpcf7-text wpcf7-validates-as-required\" autocomplete=\"name\" aria-required=\"true\" aria-invalid=\"false\" value=\"\" type=\"text\" name=\"your-name\" \/><\/span><br \/>\n<\/label>\n\t\t<\/p>\n\t<\/div>\n\t<div class=\"cf7-col\">\n\t\t<p><label>E-mail address<br \/>\n<span class=\"wpcf7-form-control-wrap\" data-name=\"your-email\"><input size=\"40\" maxlength=\"400\" class=\"wpcf7-form-control wpcf7-email wpcf7-validates-as-required wpcf7-text wpcf7-validates-as-email\" autocomplete=\"email\" aria-required=\"true\" aria-invalid=\"false\" value=\"\" type=\"email\" name=\"your-email\" \/><\/span><br \/>\n<\/label>\n\t\t<\/p>\n\t<\/div>\n\t<div class=\"cf7-col\">\n\t\t<p><label>Phone<br \/>\n<span class=\"wpcf7-form-control-wrap\" data-name=\"tel\"><input size=\"40\" maxlength=\"400\" class=\"wpcf7-form-control wpcf7-tel wpcf7-text wpcf7-validates-as-tel\" autocomplete=\"tel\" aria-invalid=\"false\" value=\"\" type=\"tel\" name=\"tel\" \/><\/span><br \/>\n<\/label>\n\t\t<\/p>\n\t<\/div>\n\t<div class=\"cf7-col\">\n\t\t<p><label>Companies<br \/>\n<span class=\"wpcf7-form-control-wrap\" data-name=\"foretag\"><input size=\"40\" maxlength=\"400\" class=\"wpcf7-form-control wpcf7-text\" aria-invalid=\"false\" value=\"\" type=\"text\" name=\"foretag\" \/><\/span><br \/>\n<\/label>\n\t\t<\/p>\n\t<\/div>\n\t<div class=\"cf7-full\">\n\t\t<p><label>Your message (optional)<br \/>\n<span class=\"wpcf7-form-control-wrap\" data-name=\"your-message\"><textarea cols=\"40\" rows=\"10\" maxlength=\"2000\" class=\"wpcf7-form-control wpcf7-textarea\" aria-invalid=\"false\" name=\"your-message\"><\/textarea><\/span><br \/>\n<\/label>\n\t\t<\/p>\n\t<\/div>\n\t<div class=\"cf7-full\">\n\t\t<p><input class=\"wpcf7-form-control wpcf7-submit has-spinner\" type=\"submit\" value=\"Submit\" \/>\n\t\t<\/p>\n\t<\/div>\n<\/div><div class=\"wpcf7-response-output\" aria-hidden=\"true\"><\/div>\n<\/form>\n<\/div>\n<\/div>\n\t\t\t\t\t\t<\/div>\n\t\t\t\t\t<\/div>\n\t\t\t\t<\/div>\n\t\t<div class=\"elementor-element elementor-element-0526cf8 e-flex e-con-boxed e-con e-parent\" data-id=\"0526cf8\" data-element_type=\"container\" data-e-type=\"container\">\n\t\t\t\t\t<div class=\"e-con-inner\">\n\t\t\t\t<div class=\"elementor-element elementor-element-f89d358 elementor-widget elementor-widget-heading\" data-id=\"f89d358\" data-element_type=\"widget\" data-e-type=\"widget\" data-widget_type=\"heading.default\">\n\t\t\t\t\t<h2 class=\"elementor-heading-title elementor-size-default\">More about us<\/h2>\t\t\t\t<\/div>\n\t\t\t\t<div class=\"elementor-element elementor-element-d56b6e1 elementor-grid-3 elementor-grid-tablet-2 elementor-grid-mobile-1 elementor-widget elementor-widget-loop-grid\" data-id=\"d56b6e1\" data-element_type=\"widget\" data-e-type=\"widget\" data-settings=\"{&quot;template_id&quot;:4153,&quot;_skin&quot;:&quot;post&quot;,&quot;columns&quot;:&quot;3&quot;,&quot;columns_tablet&quot;:&quot;2&quot;,&quot;columns_mobile&quot;:&quot;1&quot;,&quot;edit_handle_selector&quot;:&quot;[data-elementor-type=\\&quot;loop-item\\&quot;]&quot;,&quot;row_gap&quot;:{&quot;unit&quot;:&quot;px&quot;,&quot;size&quot;:&quot;&quot;,&quot;sizes&quot;:[]},&quot;row_gap_tablet&quot;:{&quot;unit&quot;:&quot;px&quot;,&quot;size&quot;:&quot;&quot;,&quot;sizes&quot;:[]},&quot;row_gap_mobile&quot;:{&quot;unit&quot;:&quot;px&quot;,&quot;size&quot;:&quot;&quot;,&quot;sizes&quot;:[]}}\" data-widget_type=\"loop-grid.post\">\n\t\t\t\t<div class=\"elementor-widget-container\">\n\t\t\t\t\t\t\t<div class=\"elementor-loop-container elementor-grid\" role=\"list\">\n\t\t<style id=\"loop-4153\">.elementor-4153 .elementor-element.elementor-element-b3b0dc5{--display:flex;--flex-direction:column;--container-widget-width:100%;--container-widget-height:initial;--container-widget-flex-grow:0;--container-widget-align-self:initial;--flex-wrap-mobile:wrap;--background-transition:0.3s;}.elementor-4153 .elementor-element.elementor-element-b3b0dc5:not(.elementor-motion-effects-element-type-background), .elementor-4153 .elementor-element.elementor-element-b3b0dc5 > .elementor-motion-effects-container > .elementor-motion-effects-layer{background-color:#FFFFFF;}.elementor-4153 .elementor-element.elementor-element-b3b0dc5:hover{border-style:groove;border-width:1px 1px 1px 1px;--border-top-width:1px;--border-right-width:1px;--border-bottom-width:1px;--border-left-width:1px;--border-radius:1px 1px 1px 1px;--border-top-left-radius:1px;--border-top-right-radius:1px;--border-bottom-right-radius:1px;--border-bottom-left-radius:1px;box-shadow:0px 0px 10px 0px rgba(0,0,0,0.5);}.elementor-4153 .elementor-element.elementor-element-b3b0dc5, .elementor-4153 .elementor-element.elementor-element-b3b0dc5::before{--border-transition:0.3s;}.elementor-widget-image .widget-image-caption{color:var( --e-global-color-text );font-family:var( --e-global-typography-text-font-family ), Sans-serif;font-weight:var( --e-global-typography-text-font-weight );}.elementor-4153 .elementor-element.elementor-element-ba7760c img{height:200px;object-fit:cover;object-position:center center;}.elementor-widget-heading .elementor-heading-title{font-family:var( --e-global-typography-primary-font-family ), Sans-serif;font-weight:var( --e-global-typography-primary-font-weight );color:var( --e-global-color-primary );}<\/style>\t\t<div data-elementor-type=\"loop-item\" data-elementor-id=\"4153\" class=\"elementor elementor-4153 elementor-3488 e-loop-item e-loop-item-3962 post-3962 page type-page status-publish has-post-thumbnail hentry\" data-elementor-post-type=\"elementor_library\" data-custom-edit-handle=\"1\">\n\t\t\t<a class=\"elementor-element elementor-element-b3b0dc5 e-flex e-con-boxed e-con e-parent\" data-id=\"b3b0dc5\" data-element_type=\"container\" data-e-type=\"container\" data-settings=\"{&quot;background_background&quot;:&quot;classic&quot;}\" href=\"https:\/\/westmans.se\/en\/questions-and-answers\/\">\n\t\t\t\t\t<div class=\"e-con-inner\">\n\t\t\t\t<div class=\"elementor-element elementor-element-ba7760c elementor-widget elementor-widget-image\" data-id=\"ba7760c\" data-element_type=\"widget\" data-e-type=\"widget\" data-widget_type=\"image.default\">\n\t\t\t\t\t\t\t\t\t\t\t\t\t\t\t<img fetchpriority=\"high\" decoding=\"async\" width=\"800\" height=\"534\" src=\"https:\/\/westmans.se\/wp-content\/uploads\/2025\/12\/talt.jpg\" class=\"attachment-large size-large wp-image-3961\" alt=\"\" srcset=\"https:\/\/westmans.se\/wp-content\/uploads\/2025\/12\/talt.jpg 1024w, https:\/\/westmans.se\/wp-content\/uploads\/2025\/12\/talt-300x200.jpg 300w, https:\/\/westmans.se\/wp-content\/uploads\/2025\/12\/talt-768x512.jpg 768w, https:\/\/westmans.se\/wp-content\/uploads\/2025\/12\/talt-600x400.jpg 600w\" sizes=\"(max-width: 800px) 100vw, 800px\" \/>\t\t\t\t\t\t\t\t\t\t\t\t\t\t\t<\/div>\n\t\t\t\t<div class=\"elementor-element elementor-element-e167f10 elementor-widget elementor-widget-heading\" data-id=\"e167f10\" data-element_type=\"widget\" data-e-type=\"widget\" data-widget_type=\"heading.default\">\n\t\t\t\t\t<h4 class=\"elementor-heading-title elementor-size-default\">Questions and answers<\/h4>\t\t\t\t<\/div>\n\t\t\t\t\t<\/div>\n\t\t\t\t<\/a>\n\t\t\t\t<\/div>\n\t\t\t\t<div data-elementor-type=\"loop-item\" data-elementor-id=\"4153\" class=\"elementor elementor-4153 elementor-3488 e-loop-item e-loop-item-4081 post-4081 page type-page status-publish has-post-thumbnail hentry\" data-elementor-post-type=\"elementor_library\" data-custom-edit-handle=\"1\">\n\t\t\t<a class=\"elementor-element elementor-element-b3b0dc5 e-flex e-con-boxed e-con e-parent\" data-id=\"b3b0dc5\" data-element_type=\"container\" data-e-type=\"container\" data-settings=\"{&quot;background_background&quot;:&quot;classic&quot;}\" href=\"https:\/\/westmans.se\/en\/about-us\/employees\/\">\n\t\t\t\t\t<div class=\"e-con-inner\">\n\t\t\t\t<div class=\"elementor-element elementor-element-ba7760c elementor-widget elementor-widget-image\" data-id=\"ba7760c\" data-element_type=\"widget\" data-e-type=\"widget\" data-widget_type=\"image.default\">\n\t\t\t\t\t\t\t\t\t\t\t\t\t\t\t<img decoding=\"async\" width=\"800\" height=\"534\" src=\"https:\/\/westmans.se\/wp-content\/uploads\/2025\/12\/johan-jaarnek-1024x683.jpg\" class=\"attachment-large size-large wp-image-4092\" alt=\"\" srcset=\"https:\/\/westmans.se\/wp-content\/uploads\/2025\/12\/johan-jaarnek-1024x683.jpg 1024w, https:\/\/westmans.se\/wp-content\/uploads\/2025\/12\/johan-jaarnek-300x200.jpg 300w, https:\/\/westmans.se\/wp-content\/uploads\/2025\/12\/johan-jaarnek-768x512.jpg 768w, https:\/\/westmans.se\/wp-content\/uploads\/2025\/12\/johan-jaarnek-1536x1024.jpg 1536w, https:\/\/westmans.se\/wp-content\/uploads\/2025\/12\/johan-jaarnek-2048x1366.jpg 2048w, https:\/\/westmans.se\/wp-content\/uploads\/2025\/12\/johan-jaarnek-600x400.jpg 600w\" sizes=\"(max-width: 800px) 100vw, 800px\" \/>\t\t\t\t\t\t\t\t\t\t\t\t\t\t\t<\/div>\n\t\t\t\t<div class=\"elementor-element elementor-element-e167f10 elementor-widget elementor-widget-heading\" data-id=\"e167f10\" data-element_type=\"widget\" data-e-type=\"widget\" data-widget_type=\"heading.default\">\n\t\t\t\t\t<h4 class=\"elementor-heading-title elementor-size-default\">Employees<\/h4>\t\t\t\t<\/div>\n\t\t\t\t\t<\/div>\n\t\t\t\t<\/a>\n\t\t\t\t<\/div>\n\t\t\t\t<div data-elementor-type=\"loop-item\" data-elementor-id=\"4153\" class=\"elementor elementor-4153 elementor-3488 e-loop-item e-loop-item-4072 post-4072 page type-page status-publish has-post-thumbnail hentry\" data-elementor-post-type=\"elementor_library\" data-custom-edit-handle=\"1\">\n\t\t\t<a class=\"elementor-element elementor-element-b3b0dc5 e-flex e-con-boxed e-con e-parent\" data-id=\"b3b0dc5\" data-element_type=\"container\" data-e-type=\"container\" data-settings=\"{&quot;background_background&quot;:&quot;classic&quot;}\" href=\"https:\/\/westmans.se\/en\/about-us\/\">\n\t\t\t\t\t<div class=\"e-con-inner\">\n\t\t\t\t<div class=\"elementor-element elementor-element-ba7760c elementor-widget elementor-widget-image\" data-id=\"ba7760c\" data-element_type=\"widget\" data-e-type=\"widget\" data-widget_type=\"image.default\">\n\t\t\t\t\t\t\t\t\t\t\t\t\t\t\t<img decoding=\"async\" width=\"800\" height=\"600\" src=\"https:\/\/westmans.se\/wp-content\/uploads\/2026\/01\/7-1024x768.webp\" class=\"attachment-large size-large wp-image-5411\" alt=\"\" srcset=\"https:\/\/westmans.se\/wp-content\/uploads\/2026\/01\/7-1024x768.webp 1024w, https:\/\/westmans.se\/wp-content\/uploads\/2026\/01\/7-300x225.webp 300w, https:\/\/westmans.se\/wp-content\/uploads\/2026\/01\/7-768x576.webp 768w, https:\/\/westmans.se\/wp-content\/uploads\/2026\/01\/7-1536x1152.webp 1536w, https:\/\/westmans.se\/wp-content\/uploads\/2026\/01\/7-600x450.webp 600w, https:\/\/westmans.se\/wp-content\/uploads\/2026\/01\/7.webp 2000w\" sizes=\"(max-width: 800px) 100vw, 800px\" \/>\t\t\t\t\t\t\t\t\t\t\t\t\t\t\t<\/div>\n\t\t\t\t<div class=\"elementor-element elementor-element-e167f10 elementor-widget elementor-widget-heading\" data-id=\"e167f10\" data-element_type=\"widget\" data-e-type=\"widget\" data-widget_type=\"heading.default\">\n\t\t\t\t\t<h4 class=\"elementor-heading-title elementor-size-default\">About us<\/h4>\t\t\t\t<\/div>\n\t\t\t\t\t<\/div>\n\t\t\t\t<\/a>\n\t\t\t\t<\/div>\n\t\t\t\t<\/div>\n\t\t\n\t\t\t\t\t\t<\/div>\n\t\t\t\t<\/div>\n\t\t\t\t\t<\/div>\n\t\t\t\t<\/div>\n\t\t\t\t<\/div>\n\t\t","protected":false},"excerpt":{"rendered":"<p>Contact us You are welcome to contact us. Westmans RentHantverkarv\u00e4gen 8187 66 T\u00e4by08-622 98 40info@westmans.se Opening hours:Mon-Fri 08.00 \u2013 16.30 (Lunch 12 \u2013 13) Emergency phoneAPPLIES TO STOCKHOLMEmergency cases outside our opening hours(SMS does not work)Call 070-746 00 26 Rent.Group Malm\u00f6Bjur\u00f6gatan 46211 24 Malm\u00f6040 49 74 00malmo@rent.group Opening hours:Mon &#8211; Fri 08.00 &#8211; 16.00(Lunch 12.00 [&hellip;]<\/p>\n","protected":false},"author":2,"featured_media":5416,"parent":0,"menu_order":0,"comment_status":"closed","ping_status":"closed","template":"","meta":{"_acf_changed":false,"footnotes":""},"class_list":["post-4048","page","type-page","status-publish","has-post-thumbnail","hentry"],"acf":[],"_links":{"self":[{"href":"https:\/\/westmans.se\/en\/wp-json\/wp\/v2\/pages\/4048","targetHints":{"allow":["GET"]}}],"collection":[{"href":"https:\/\/westmans.se\/en\/wp-json\/wp\/v2\/pages"}],"about":[{"href":"https:\/\/westmans.se\/en\/wp-json\/wp\/v2\/types\/page"}],"author":[{"embeddable":true,"href":"https:\/\/westmans.se\/en\/wp-json\/wp\/v2\/users\/2"}],"replies":[{"embeddable":true,"href":"https:\/\/westmans.se\/en\/wp-json\/wp\/v2\/comments?post=4048"}],"version-history":[{"count":3,"href":"https:\/\/westmans.se\/en\/wp-json\/wp\/v2\/pages\/4048\/revisions"}],"predecessor-version":[{"id":8033,"href":"https:\/\/westmans.se\/en\/wp-json\/wp\/v2\/pages\/4048\/revisions\/8033"}],"wp:featuredmedia":[{"embeddable":true,"href":"https:\/\/westmans.se\/en\/wp-json\/wp\/v2\/media\/5416"}],"wp:attachment":[{"href":"https:\/\/westmans.se\/en\/wp-json\/wp\/v2\/media?parent=4048"}],"curies":[{"name":"wp","href":"https:\/\/api.w.org\/{rel}","templated":true}]}}